{"id":352,"date":"2014-12-08T12:11:54","date_gmt":"2014-12-08T10:11:54","guid":{"rendered":"http:\/\/www.viesurip.fr\/?page_id=352"},"modified":"2014-12-08T14:44:11","modified_gmt":"2014-12-08T12:44:11","slug":"fablab","status":"publish","type":"page","link":"https:\/\/www.viesurip.fr\/en\/mes-projets\/fablab\/","title":{"rendered":"FabLab"},"content":{"rendered":"<p>Here are some projects I realised at the <a title=\"T\u00e9l\u00e9fab : un FabLab \u00e0 T\u00e9l\u00e9com Bretagne\" href=\"http:\/\/www.viesurip.fr\/2012\/09\/27\/telefab-un-fablab-a-telecom-bretagne\/\">T\u00e9l\u00e9fab<\/a>, the FabLab of T\u00e9l\u00e9com Bretagne, and at Fabriques du Ponant, which groups the FabLabs in Brest:<\/p>\n<ul>\n<li><a title=\"Un cadre en couleurs\" href=\"http:\/\/www.viesurip.fr\/en\/2014\/06\/17\/un-cadre-en-couleurs\/\">A decorative LED frame<\/a><\/li>\n<li><a title=\"\u00c9toiles de No\u00ebl lumineuses\" href=\"http:\/\/www.viesurip.fr\/en\/2014\/12\/08\/etoiles-de-noel-lumineuses\/\">Christmas stars lights<\/a><\/li>\n<\/ul>\n<p><\/p>","protected":false},"excerpt":{"rendered":"<p>Here are some projects I realised at the T\u00e9l\u00e9fab, the FabLab of T\u00e9l\u00e9com Bretagne, and at Fabriques du Ponant, which groups the FabLabs in Brest: A decorative LED frame Christmas stars lights<\/p>\n","protected":false},"author":6,"featured_media":0,"parent":25,"menu_order":0,"comment_status":"open","ping_status":"open","template":"","meta":{"footnotes":""},"class_list":["post-352","page","type-page","status-publish","hentry"],"_links":{"self":[{"href":"https:\/\/www.viesurip.fr\/en\/wp-json\/wp\/v2\/pages\/352","targetHints":{"allow":["GET"]}}],"collection":[{"href":"https:\/\/www.viesurip.fr\/en\/wp-json\/wp\/v2\/pages"}],"about":[{"href":"https:\/\/www.viesurip.fr\/en\/wp-json\/wp\/v2\/types\/page"}],"author":[{"embeddable":true,"href":"https:\/\/www.viesurip.fr\/en\/wp-json\/wp\/v2\/users\/6"}],"replies":[{"embeddable":true,"href":"https:\/\/www.viesurip.fr\/en\/wp-json\/wp\/v2\/comments?post=352"}],"version-history":[{"count":4,"href":"https:\/\/www.viesurip.fr\/en\/wp-json\/wp\/v2\/pages\/352\/revisions"}],"predecessor-version":[{"id":384,"href":"https:\/\/www.viesurip.fr\/en\/wp-json\/wp\/v2\/pages\/352\/revisions\/384"}],"up":[{"embeddable":true,"href":"https:\/\/www.viesurip.fr\/en\/wp-json\/wp\/v2\/pages\/25"}],"wp:attachment":[{"href":"https:\/\/www.viesurip.fr\/en\/wp-json\/wp\/v2\/media?parent=352"}],"curies":[{"name":"wp","href":"https:\/\/api.w.org\/{rel}","templated":true}]}}